{"id":13,"date":"2020-01-28T09:14:33","date_gmt":"2020-01-28T08:14:33","guid":{"rendered":"https:\/\/www.keiko.at\/en\/impressum\/"},"modified":"2025-12-23T14:18:14","modified_gmt":"2025-12-23T13:18:14","slug":"impressum","status":"publish","type":"page","link":"https:\/\/www.keiko.at\/en\/impressum\/","title":{"rendered":"Impressum"},"content":{"rendered":"<div class=\"fusion-fullwidth fullwidth-box fusion-builder-row-1 fusion-flex-container nonhundred-percent-fullwidth non-hundred-percent-height-scrolling\" style=\"--awb-border-radius-top-left:0px;--awb-border-radius-top-right:0px;--awb-border-radius-bottom-right:0px;--awb-border-radius-bottom-left:0px;--awb-flex-wrap:wrap;\" ><div class=\"fusion-builder-row fusion-row fusion-flex-align-items-flex-start fusion-flex-content-wrap\" style=\"max-width:1144px;margin-left: calc(-4% \/ 2 );margin-right: calc(-4% \/ 2 );\"><div class=\"fusion-layout-column fusion_builder_column fusion-builder-column-0 fusion_builder_column_1_2 1_2 fusion-flex-column\" style=\"--awb-bg-blend:overlay;--awb-bg-size:cover;--awb-width-large:50%;--awb-margin-top-large:0px;--awb-spacing-right-large:3.84%;--awb-margin-bottom-large:0px;--awb-spacing-left-large:3.84%;--awb-width-medium:100%;--awb-spacing-right-medium:1.92%;--awb-spacing-left-medium:1.92%;--awb-width-small:100%;--awb-spacing-right-small:1.92%;--awb-spacing-left-small:1.92%;\"><div class=\"fusion-column-wrapper fusion-flex-justify-content-flex-start fusion-content-layout-column\"><div class=\"fusion-text fusion-text-1\"><h1>Impressum<\/h1>\n<p><strong>KEIKO GmbH<\/strong><br \/>\nWiener Stra\u00dfe-Werkstra\u00dfe 115 \/ 1.2.I<br \/>\n2700 Wiener Neustadt<br \/>\n\u00d6sterreich<\/p>\n<p><a href=\"tel:+43 2622 32 062\">+43 2622 32 062<\/a><br \/>\n+43 2622 32 062 \u2013 15<br \/>\n<a href=\"mailto:anfrage@keiko.at\">anfrage@keiko.at<\/a><\/p>\n<p><strong>Gesch\u00e4ftsf\u00fchrung:<\/strong> Dr. Susanne K\u00f6fler<br \/>\n<strong>Gr\u00fcndungsjahr:<\/strong> 2007<br \/>\n<strong>Firmenbuch:<\/strong> FN 301557 t<br \/>\n<strong>Gerichtsstand:<\/strong> LG Wiener Neustadt<br \/>\n<strong>UID. Nr.:<\/strong> ATU63760139<br \/>\n<strong>ISO Zertifizierung:<\/strong> DIN ISO EN 9001:2015<\/p>\n<p>Webdesign &amp; technische Umsetzung:<br \/>\n<a href=\"https:\/\/www.inconcepts.at\/\" target=\"_blank\" rel=\"noopener noreferrer\">INCONCEPTS Kreativ- &amp; Digitalagentur Wien<\/a><\/p>\n<\/div><\/div><\/div><div class=\"fusion-layout-column fusion_builder_column fusion-builder-column-1 fusion_builder_column_1_2 1_2 fusion-flex-column\" style=\"--awb-bg-size:cover;--awb-width-large:50%;--awb-margin-top-large:0px;--awb-spacing-right-large:3.84%;--awb-margin-bottom-large:20px;--awb-spacing-left-large:3.84%;--awb-width-medium:100%;--awb-spacing-right-medium:1.92%;--awb-spacing-left-medium:1.92%;--awb-width-small:100%;--awb-spacing-right-small:1.92%;--awb-spacing-left-small:1.92%;\"><div class=\"fusion-column-wrapper fusion-column-has-shadow fusion-flex-justify-content-flex-start fusion-content-layout-column\"><div class=\"fusion-text fusion-text-2\"><h2>Urheberrecht:<\/h2>\n<p>Inhalte, Grafiken, Illustrationen sowie Programmierung und Struktur dieser Website sind urheberrechtlich von der Firma KEIKO GmbH, Wr. Neustadt, gesch\u00fctzt und stehen in deren geistigem Eigentum.<\/p>\n<p>Verwendung, Speicherung sowie Vervielf\u00e4ltigung des Inhaltes auf der Website, auch nur auszugsweise, ist ohne vorherige ausdr\u00fcckliche schriftliche Genehmigung der Firma KEIKO GmbH strikt untersagt.<br \/>\nAlle vorhandenen Texte, Bilder, Grafiken und Logos d\u00fcrfen weder ver\u00e4ndert, noch f\u00fcr Handelszwecke kopiert und auf anderen Websites eingesetzt werden.<\/p>\n<h2>Datenschutz:<\/h2>\n<p>Der Schutz und die Sicherheit Ihrer personenbezogenen Daten ist uns schon immer ein wichtiges Anliegen. Wir verarbeiten Ihre personenbezogenen Daten im Einklang mit den gesetzlichen Bestimmungen. N\u00e4here Informationen \u00fcber die Verarbeitung Ihrer personenbezogenen Daten in unserem Unternehmen und die Ihnen zustehenden Rechte gem\u00e4\u00df DSGVO (EU Datenschutzgrundverordnung) finden Sie <a href=\"https:\/\/www.keiko.at\/datenschutzerklaerung\/\">hier<\/a>.<\/p>\n<h2>Allgemeine Gesch\u00e4ftsbedingungen:<\/h2>\n<p>Die AGB finden Sie <a href=\"https:\/\/www.keiko.at\/wp-content\/uploads\/AGB-KEIKO_Stand-September-2024_EN.pdf\" target=\"_blank\" rel=\"noopener\">hier<\/a>.<\/p>\n<\/div><\/div><\/div><\/div><\/div>\n","protected":false},"excerpt":{"rendered":"","protected":false},"author":1,"featured_media":0,"parent":0,"menu_order":6,"comment_status":"closed","ping_status":"closed","template":"100-width.php","meta":{"_acf_changed":false,"footnotes":""},"class_list":["post-13","page","type-page","status-publish","hentry"],"acf":[],"yoast_head":"<!-- This site is optimized with the Yoast SEO plugin v27.5 - https:\/\/yoast.com\/product\/yoast-seo-wordpress\/ -->\n<title>Imprint - KEIKO<\/title>\n<meta name=\"robots\" content=\"index, follow, max-snippet:-1, max-image-preview:large, max-video-preview:-1\" \/>\n<link rel=\"canonical\" href=\"https:\/\/www.keiko.at\/en\/impressum\/\" \/>\n<meta property=\"og:locale\" content=\"en_US\" \/>\n<meta property=\"og:type\" content=\"article\" \/>\n<meta property=\"og:title\" content=\"Imprint - KEIKO\" \/>\n<meta property=\"og:url\" content=\"https:\/\/www.keiko.at\/en\/impressum\/\" \/>\n<meta property=\"og:site_name\" content=\"KEIKO GmbH EN\" \/>\n<meta property=\"article:modified_time\" content=\"2025-12-23T13:18:14+00:00\" \/>\n<meta property=\"og:image\" content=\"https:\/\/www.keiko.at\/en\/wp-content\/uploads\/sites\/3\/og-image-keiko.png\" \/>\n\t<meta property=\"og:image:width\" content=\"1200\" \/>\n\t<meta property=\"og:image:height\" content=\"600\" \/>\n\t<meta property=\"og:image:type\" content=\"image\/png\" \/>\n<meta name=\"twitter:card\" content=\"summary_large_image\" \/>\n<meta name=\"twitter:label1\" content=\"Est. reading time\" \/>\n\t<meta name=\"twitter:data1\" content=\"1 minute\" \/>\n<script type=\"application\/ld+json\" class=\"yoast-schema-graph\">{\"@context\":\"https:\\\/\\\/schema.org\",\"@graph\":[{\"@type\":\"WebPage\",\"@id\":\"https:\\\/\\\/www.keiko.at\\\/en\\\/impressum\\\/\",\"url\":\"https:\\\/\\\/www.keiko.at\\\/en\\\/impressum\\\/\",\"name\":\"Imprint - KEIKO\",\"isPartOf\":{\"@id\":\"https:\\\/\\\/www.keiko.at\\\/en\\\/#website\"},\"datePublished\":\"2020-01-28T08:14:33+00:00\",\"dateModified\":\"2025-12-23T13:18:14+00:00\",\"breadcrumb\":{\"@id\":\"https:\\\/\\\/www.keiko.at\\\/en\\\/impressum\\\/#breadcrumb\"},\"inLanguage\":\"en-US\",\"potentialAction\":[{\"@type\":\"ReadAction\",\"target\":[\"https:\\\/\\\/www.keiko.at\\\/en\\\/impressum\\\/\"]}]},{\"@type\":\"BreadcrumbList\",\"@id\":\"https:\\\/\\\/www.keiko.at\\\/en\\\/impressum\\\/#breadcrumb\",\"itemListElement\":[{\"@type\":\"ListItem\",\"position\":1,\"name\":\"KEIKO\",\"item\":\"https:\\\/\\\/www.keiko.at\\\/en\\\/\"},{\"@type\":\"ListItem\",\"position\":2,\"name\":\"Impressum\"}]},{\"@type\":\"WebSite\",\"@id\":\"https:\\\/\\\/www.keiko.at\\\/en\\\/#website\",\"url\":\"https:\\\/\\\/www.keiko.at\\\/en\\\/\",\"name\":\"KEIKO GmbH EN\",\"description\":\"Eine weitere WordPress-Website\",\"publisher\":{\"@id\":\"https:\\\/\\\/www.keiko.at\\\/en\\\/#organization\"},\"potentialAction\":[{\"@type\":\"SearchAction\",\"target\":{\"@type\":\"EntryPoint\",\"urlTemplate\":\"https:\\\/\\\/www.keiko.at\\\/en\\\/?s={search_term_string}\"},\"query-input\":{\"@type\":\"PropertyValueSpecification\",\"valueRequired\":true,\"valueName\":\"search_term_string\"}}],\"inLanguage\":\"en-US\"},{\"@type\":\"Organization\",\"@id\":\"https:\\\/\\\/www.keiko.at\\\/en\\\/#organization\",\"name\":\"KEIKO GmbH\",\"url\":\"https:\\\/\\\/www.keiko.at\\\/en\\\/\",\"logo\":{\"@type\":\"ImageObject\",\"inLanguage\":\"en-US\",\"@id\":\"https:\\\/\\\/www.keiko.at\\\/en\\\/#\\\/schema\\\/logo\\\/image\\\/\",\"url\":\"https:\\\/\\\/www.keiko.at\\\/en\\\/wp-content\\\/uploads\\\/sites\\\/3\\\/KEIKO-Logo-retina.png\",\"contentUrl\":\"https:\\\/\\\/www.keiko.at\\\/en\\\/wp-content\\\/uploads\\\/sites\\\/3\\\/KEIKO-Logo-retina.png\",\"width\":142,\"height\":27,\"caption\":\"KEIKO GmbH\"},\"image\":{\"@id\":\"https:\\\/\\\/www.keiko.at\\\/en\\\/#\\\/schema\\\/logo\\\/image\\\/\"}}]}<\/script>\n<!-- \/ Yoast SEO plugin. -->","yoast_head_json":{"title":"Imprint - KEIKO","robots":{"index":"index","follow":"follow","max-snippet":"max-snippet:-1","max-image-preview":"max-image-preview:large","max-video-preview":"max-video-preview:-1"},"canonical":"https:\/\/www.keiko.at\/en\/impressum\/","og_locale":"en_US","og_type":"article","og_title":"Imprint - KEIKO","og_url":"https:\/\/www.keiko.at\/en\/impressum\/","og_site_name":"KEIKO GmbH EN","article_modified_time":"2025-12-23T13:18:14+00:00","og_image":[{"width":1200,"height":600,"url":"https:\/\/www.keiko.at\/en\/wp-content\/uploads\/sites\/3\/og-image-keiko.png","type":"image\/png"}],"twitter_card":"summary_large_image","twitter_misc":{"Est. reading time":"1 minute"},"schema":{"@context":"https:\/\/schema.org","@graph":[{"@type":"WebPage","@id":"https:\/\/www.keiko.at\/en\/impressum\/","url":"https:\/\/www.keiko.at\/en\/impressum\/","name":"Imprint - KEIKO","isPartOf":{"@id":"https:\/\/www.keiko.at\/en\/#website"},"datePublished":"2020-01-28T08:14:33+00:00","dateModified":"2025-12-23T13:18:14+00:00","breadcrumb":{"@id":"https:\/\/www.keiko.at\/en\/impressum\/#breadcrumb"},"inLanguage":"en-US","potentialAction":[{"@type":"ReadAction","target":["https:\/\/www.keiko.at\/en\/impressum\/"]}]},{"@type":"BreadcrumbList","@id":"https:\/\/www.keiko.at\/en\/impressum\/#breadcrumb","itemListElement":[{"@type":"ListItem","position":1,"name":"KEIKO","item":"https:\/\/www.keiko.at\/en\/"},{"@type":"ListItem","position":2,"name":"Impressum"}]},{"@type":"WebSite","@id":"https:\/\/www.keiko.at\/en\/#website","url":"https:\/\/www.keiko.at\/en\/","name":"KEIKO GmbH EN","description":"Eine weitere WordPress-Website","publisher":{"@id":"https:\/\/www.keiko.at\/en\/#organization"},"potentialAction":[{"@type":"SearchAction","target":{"@type":"EntryPoint","urlTemplate":"https:\/\/www.keiko.at\/en\/?s={search_term_string}"},"query-input":{"@type":"PropertyValueSpecification","valueRequired":true,"valueName":"search_term_string"}}],"inLanguage":"en-US"},{"@type":"Organization","@id":"https:\/\/www.keiko.at\/en\/#organization","name":"KEIKO GmbH","url":"https:\/\/www.keiko.at\/en\/","logo":{"@type":"ImageObject","inLanguage":"en-US","@id":"https:\/\/www.keiko.at\/en\/#\/schema\/logo\/image\/","url":"https:\/\/www.keiko.at\/en\/wp-content\/uploads\/sites\/3\/KEIKO-Logo-retina.png","contentUrl":"https:\/\/www.keiko.at\/en\/wp-content\/uploads\/sites\/3\/KEIKO-Logo-retina.png","width":142,"height":27,"caption":"KEIKO GmbH"},"image":{"@id":"https:\/\/www.keiko.at\/en\/#\/schema\/logo\/image\/"}}]}},"_links":{"self":[{"href":"https:\/\/www.keiko.at\/en\/wp-json\/wp\/v2\/pages\/13","targetHints":{"allow":["GET"]}}],"collection":[{"href":"https:\/\/www.keiko.at\/en\/wp-json\/wp\/v2\/pages"}],"about":[{"href":"https:\/\/www.keiko.at\/en\/wp-json\/wp\/v2\/types\/page"}],"author":[{"embeddable":true,"href":"https:\/\/www.keiko.at\/en\/wp-json\/wp\/v2\/users\/1"}],"replies":[{"embeddable":true,"href":"https:\/\/www.keiko.at\/en\/wp-json\/wp\/v2\/comments?post=13"}],"version-history":[{"count":4,"href":"https:\/\/www.keiko.at\/en\/wp-json\/wp\/v2\/pages\/13\/revisions"}],"predecessor-version":[{"id":1461,"href":"https:\/\/www.keiko.at\/en\/wp-json\/wp\/v2\/pages\/13\/revisions\/1461"}],"wp:attachment":[{"href":"https:\/\/www.keiko.at\/en\/wp-json\/wp\/v2\/media?parent=13"}],"curies":[{"name":"wp","href":"https:\/\/api.w.org\/{rel}","templated":true}]}}